{"id":1142,"date":"2020-05-26T13:26:12","date_gmt":"2020-05-26T13:26:12","guid":{"rendered":"https:\/\/www.seepfarreien.ch.proculus.sui-inter.net\/?page_id=1142"},"modified":"2020-05-26T13:26:12","modified_gmt":"2020-05-26T13:26:12","slug":"pfarrhaus-greppen","status":"publish","type":"page","link":"https:\/\/lottenbach-mediationen.ch\/index.php\/raume-greppen-weggis-vitznau\/pfarrhaus-greppen\/","title":{"rendered":"Pfarrhaus Greppen"},"content":{"rendered":"\n<p>An der ausserordentlichen Kirchgemeinde-Versammlung vom 3. Mai 2018 genehmigten die Anwesenden den Baukredit f\u00fcr die dringende Sanierung des Pfarrhauses. Die Arbeiten wurden im Sommer 2019 abgeschlossen.<\/p>\n\n\n\n<figure class=\"wp-block-image size-large\"><img loading=\"lazy\" decoding=\"async\" width=\"400\" height=\"280\" src=\"https:\/\/lottenbach-mediationen.ch\/wp-content\/uploads\/2020\/07\/Pfarrhaus_Greppen_alt.jpg\" alt=\"\" class=\"wp-image-2834\" srcset=\"https:\/\/lottenbach-mediationen.ch\/wp-content\/uploads\/2020\/07\/Pfarrhaus_Greppen_alt.jpg 400w, https:\/\/lottenbach-mediationen.ch\/wp-content\/uploads\/2020\/07\/Pfarrhaus_Greppen_alt-300x210.jpg 300w\" sizes=\"auto, (max-width: 400px) 100vw, 400px\" \/><figcaption>Pfarrhaus Greppen vor Umbau<\/figcaption><\/figure>\n\n\n\n<p>Der bergseitige Anbau von 1906 wurde abgebrochen und frisch erstellt. Die Grundstruktur des restlichen Geb\u00e4udes wurde 1636 errichtet. Mit fast 400 Jahren d\u00fcrfte das Pfarrhaus zu den \u00e4ltesten nichtb\u00e4uerlichen Wohnbauten der Gemeinde geh\u00f6ren. Darum wurden die Arbeiten in diesem Teil des Geb\u00e4udes durch den Denkmalschutz begleitet. Die historische Grundstruktur und Erscheinungsweise ist somit erhalten geblieben.<\/p>\n\n\n\n<figure class=\"wp-block-image size-large\"><img loading=\"lazy\" decoding=\"async\" width=\"400\" height=\"280\" src=\"https:\/\/lottenbach-mediationen.ch\/wp-content\/uploads\/2020\/07\/Pfarrhaus-Greppen-nach-Umbau.jpg\" alt=\"\" class=\"wp-image-2833\" srcset=\"https:\/\/lottenbach-mediationen.ch\/wp-content\/uploads\/2020\/07\/Pfarrhaus-Greppen-nach-Umbau.jpg 400w, https:\/\/lottenbach-mediationen.ch\/wp-content\/uploads\/2020\/07\/Pfarrhaus-Greppen-nach-Umbau-300x210.jpg 300w\" sizes=\"auto, (max-width: 400px) 100vw, 400px\" \/><figcaption>Pfarrhaus Greppen nach Umbau<\/figcaption><\/figure>\n\n\n\n<h3 class=\"wp-block-heading\">Zur Geschichte des Pfarrhauses<\/h3>\n\n\n\n<p>Als Greppen 1635 mit Kaplan Johannes Wartis einen st\u00e4ndig im Dorf wohnhaften Priester bekam, baute man im folgenden Jahr f\u00fcr ihn unten am Dorf ein sogenanntes \u00abKaplanen- oder Pfrundhaus\u00bb. Seit der Gr\u00fcndung einer eigenen Pfarrei anno 1799 nennt man es Pfarrhaus. Als Baumeister von 1636 ist Gilli Greter \u00fcberliefert. Eine Fensterstiftung des Luzerner Rats an diesen Bau ist ebenfalls dokumentiert.<\/p>\n\n\n\n<p>Die zum See gerichtete Kontur des Pfarrhauses mit dem Steilgiebeldach ist, ausser dem nordseitigen Ausbau der Laube, bis heute erhalten geblieben. Es d\u00fcrfte damals als neumodische Architektur gegolten haben. Denn bis dahin bestand das kleine Dorf aus &#8222;T\u00e4tschh\u00e4usern&#8220; mit den flachen Brettschindeld\u00e4chern. Das Unterm\u00fchle-Haus von zirka 1470 wurde 1991 in dieser Form wieder aufgebaut.&nbsp;<\/p>\n\n\n\n<p>Das \u00e4lteste Verzeichnis der Geb\u00e4udeversicherung bezeichnet das Pfarrhaus \u00abAlt u. Gut gebaut, Ziegeldach\u00bb f\u00fcr 400 Franken versichert. Ein Ziegeldach war damals nicht die Norm, denn 16 Wohnh\u00e4user besassen noch ein Schindeldach. Auf einer alten Ansichtskarte aus dem fr\u00fchen 20. Jh. ist auf der s\u00fcdlichen Dachh\u00e4lfte die Zahl 1898 ersichtlich, was auf eine damals get\u00e4tigte neue Bedachung hinweist. Renovationen erfolgten um 1869, 1891 und 1975. Eine bergseitige Vergr\u00f6sserung passierte 1906 mit einem Flachdach-Anbau, welcher mit der Totalsanierung von 2019 von Grund auf erneuert wurde. Die n\u00f6rdliche Laube wurde 1938 mit einem St\u00e4nderbau erg\u00e4nzt.<\/p>\n\n\n\n<p>1835 war der Pfarrhof und Holzschopf bei der Brandversicherung mit 800 Franken bewertet, 1859 lautete die Schatzung auf 1140 Franken. 1856 kaufte die Kirchgemeinde das ehemalige \u00abAlthaus\u00bb zwischen Pfarrhaus und G\u00e4ndlihaus. Kurz darauf liess man das Geb\u00e4ude abbrechen und vergr\u00f6sserte damit den Umschwung des Pfarrhauses. 1899 kaufte die Kirchgemeinde eine Wasserquelle im Kriesbaumhof f\u00fcr die Pfarrliegenschaft. Daran erinnert noch der Brunnentrog vor dem Pfarrhaus mit der Jahrzahl 1899. Mit Alois Meier kam 1972 ein autofahrender Pfarrer nach Greppen. Deshalb wurde bergseits vom Pfarrhof ein Garage-Element hingestellt.<\/p>\n\n\n\n<p>Als der Rat zu Luzern 1635 der Delegation aus Greppen einen eigenen Priester bewilligte, befahl er der Gemeinde dem Seelsorger \u00abSchatten und Schermen\u00bb zu geben. Seit bald 400 Jahren erf\u00fcllt das Pfarrhaus diese Funktion. Die Pfarrhaus-Renovation 2019 mit einem Kostenaufwand von 830&#8217;000 Franken zeigt, dass Greppen diese Aufgabe weiterhin befolgt.<\/p>\n\n\n\n<p>Josef Muheim, Greppen, 17. Juli 2020<\/p>\n\n\n\n\n","protected":false},"excerpt":{"rendered":"<p>An der ausserordentlichen Kirchgemeinde-Versammlung vom 3. Mai 2018 genehmigten die Anwesenden den Baukredit f\u00fcr die dringende Sanierung des Pfarrhauses. Die Arbeiten wurden im Sommer 2019 abgeschlossen. Der bergseitige Anbau von 1906 wurde abgebrochen und frisch erstellt. Die Grundstruktur des restlichen Geb\u00e4udes wurde 1636 errichtet. Mit fast 400 Jahren d\u00fcrfte das Pfarrhaus zu den \u00e4ltesten nichtb\u00e4uerlichen [&hellip;]<\/p>\n","protected":false},"author":1,"featured_media":2832,"parent":59,"menu_order":2,"comment_status":"closed","ping_status":"closed","template":"","meta":{"footnotes":""},"class_list":["post-1142","page","type-page","status-publish","has-post-thumbnail","hentry"],"_links":{"self":[{"href":"https:\/\/lottenbach-mediationen.ch\/index.php\/wp-json\/wp\/v2\/pages\/1142","targetHints":{"allow":["GET"]}}],"collection":[{"href":"https:\/\/lottenbach-mediationen.ch\/index.php\/wp-json\/wp\/v2\/pages"}],"about":[{"href":"https:\/\/lottenbach-mediationen.ch\/index.php\/wp-json\/wp\/v2\/types\/page"}],"author":[{"embeddable":true,"href":"https:\/\/lottenbach-mediationen.ch\/index.php\/wp-json\/wp\/v2\/users\/1"}],"replies":[{"embeddable":true,"href":"https:\/\/lottenbach-mediationen.ch\/index.php\/wp-json\/wp\/v2\/comments?post=1142"}],"version-history":[{"count":0,"href":"https:\/\/lottenbach-mediationen.ch\/index.php\/wp-json\/wp\/v2\/pages\/1142\/revisions"}],"up":[{"embeddable":true,"href":"https:\/\/lottenbach-mediationen.ch\/index.php\/wp-json\/wp\/v2\/pages\/59"}],"wp:featuredmedia":[{"embeddable":true,"href":"https:\/\/lottenbach-mediationen.ch\/index.php\/wp-json\/wp\/v2\/media\/2832"}],"wp:attachment":[{"href":"https:\/\/lottenbach-mediationen.ch\/index.php\/wp-json\/wp\/v2\/media?parent=1142"}],"curies":[{"name":"wp","href":"https:\/\/api.w.org\/{rel}","templated":true}]}}