{"id":10788,"date":"2020-03-24T10:36:51","date_gmt":"2020-03-24T10:36:51","guid":{"rendered":"https:\/\/www.seepfarreien.ch\/?page_id=2"},"modified":"2020-03-24T10:36:51","modified_gmt":"2020-03-24T10:36:51","slug":"home","status":"publish","type":"page","link":"https:\/\/lottenbach-mediationen.ch\/index.php\/home\/","title":{"rendered":"Herzlich willkommen"},"content":{"rendered":"\n<p>Es freut uns, dass Sie unseren Webauftritt besuchen. Er soll Ihnen als Plattform unserer T\u00e4tigkeitsbereiche dienen. Ebenfalls bieten wir Ihnen zu allen Lebenslagen Informationen und Hilfestellungen an.<\/p>\n\n\n\n<p>Gerne stehen wir Ihnen nat\u00fcrlich auch pers\u00f6nlich zur Verf\u00fcgung. Am Ende jeder Seite finden Sie unsere Kontaktangaben und Informationen zu den \u00d6ffnungszeiten unserer Sekretariate.<\/p>\n\n\n\n<h2 class=\"wp-block-heading\">Kircheneintritt \/ Wiedereintritt<\/h2>\n\n\n\n<p>Hat Sie unsere kirchliche Feier angesprochen, bewegt oder gar ber\u00fchrt? Als Kirche sind wir f\u00fcr die Menschen da &#8211; f\u00fcr alle Generationen und in allen Situationen. Sollten Sie nicht mehr Mitglied unserer Kirche sein &#8211; Sie k\u00f6nnen es jederzeit wieder werden. Als Mitglied tragen Sie solidarisch dazu bei, dass wir unser soziales Engagement in der Gemeinde leisten k\u00f6nnen.<\/p>\n\n\n\n<p>Ein Eintritt\/Wiedereintritt ist einfach. F\u00fcllen Sie das <a href=\"https:\/\/lottenbach-mediationen.ch\/wp-content\/uploads\/2024\/04\/Kircheneintritt-Vorlage-Luzerner-Seepfarreien-1.pdf\">Kontaktformular<\/a> aus. Ihre Angaben werden vertraulich behandelt und an die zust\u00e4ndige Kirchgemeinde weitergeleitet.<\/p>\n\n\n\n<p>Wir freuen uns auf Sie!<\/p>\n\n\n\n<h4 class=\"wp-block-heading\">Hier k\u00f6nnen wir als Kirche helfen<\/h4>\n\n\n\n<figure class=\"wp-block-image size-large\"><img loading=\"lazy\" decoding=\"async\" width=\"600\" height=\"160\" src=\"https:\/\/lottenbach-mediationen.ch\/wp-content\/uploads\/2024\/02\/Hier-koennen-wir-helfen-panorama.jpg\" alt=\"Hier k\u00f6nnen wir helfen\" class=\"wp-image-9243\" srcset=\"https:\/\/lottenbach-mediationen.ch\/wp-content\/uploads\/2024\/02\/Hier-koennen-wir-helfen-panorama.jpg 600w, https:\/\/lottenbach-mediationen.ch\/wp-content\/uploads\/2024\/02\/Hier-koennen-wir-helfen-panorama-300x80.jpg 300w\" sizes=\"auto, (max-width: 600px) 100vw, 600px\" \/><figcaption>Download: <a href=\"https:\/\/lottenbach-mediationen.ch\/wp-content\/uploads\/2024\/02\/2024-Inserat-Seepfarreien-Support-A3.pdf\">Hier k\u00f6nnen wir als Kirche helfen &#8211; Dank Ihrer Verbundenheit<\/a><\/figcaption><\/figure>\n\n\n\n<h2 class=\"wp-block-heading\">Aktuell<\/h2>\n\n\n\n<h4 class=\"wp-block-heading\">Kirchgemeindeversammlungen in den Luzerner Seepfarreien<\/h4>\n\n\n\n<p>Die stimmberechtigten katholischen B\u00fcrgerinnen und B\u00fcrger sind zu folgenden Kirchgemeindeversammlungen eingeladen:<\/p>\n\n\n\n<p>Sonntag, 23. November 2025, 10.15, Pfarreisaal Vitznau<br>Montag, 24. November 2025, 20.00, Pfarreizentrum Weggis<br>Mittwoch, 26. November 2025, 20.00, Gemeinschaftsraum Greppen<\/p>\n\n\n\n<p>N\u00e4here Informationen finden Sie im <a href=\"https:\/\/lottenbach-mediationen.ch\/pfarreiblaetter\/\">Pfarreiblatt 19\/2025.<\/a><\/p>\n\n\n\n<h4 class=\"wp-block-heading\">Advents-Familiengottesdienste<\/h4>\n\n\n\n<p>Zusammen mit dem Kinderchor der Seegemeinden und CANTAMUS Chor der Seepfarreien freuen wir uns auf einen besinnlichen Einklang in die Vorweihnachtszeit. Herzlich laden wir Sie zu folgenden Gottesdiensten ein:<\/p>\n\n\n\n<p><span class=\"has-inline-color has-vivid-cyan-blue-color\">Samstag, 29. November, 17.00, Pfarrkirche Weggis<br>Sonntag, 30. November, 10.00, Pfarrkirche Vitznau<\/span><\/p>\n\n\n\n<p>Mitgebrachte Adventskr\u00e4nze werden in diesen Gottesdiensten gesegnet.<\/p>\n\n\n\n<h4 class=\"wp-block-heading\">Kerze &#8211; Wort &#8211; Stille<\/h4>\n\n\n\n<p>In den Kirchen der Seegemeinden werden vier spirituelle Impulse angeboten. Beim Schein einer Kerze einfach nur da sein. Mit Geschichten aus aller Welt und meditativer Musik wird eine Ahnung auf das Wunder von Weihnachten sp\u00fcrbar.<\/p>\n\n\n\n<p>Donnerstag, 27. November, 07.30, Pfarrkirche Greppen<br>Donnerstag, 4. Dezember, 07.30, Pfarrkirche Vitznau<br>Donnerstag, 11. Dezember, 07.30, Pfarrkirche Weggis<br>Donnerstag, 18. Dezember, 07.30, Pfarrkirceh Greppen<\/p>\n\n\n\n<p>Dieser Impuls von ca. 30 Minuten wird von Eliane Minnig Maier und Johannes Oberfeld gestaltet. Herzlich Willkommen!<\/p>\n\n\n\n<h4 class=\"wp-block-heading\">Familienrorate Greppen und Weggis<\/h4>\n\n\n\n<p>Wir laden Klein und Gross zu einer stimmungsvollen Roratefeier ein. Mit Kerzenlicht, sch\u00f6ner Musik und guten Gedanken starten wir in den Tag. Anschliessend geniessen wir ein feines Fr\u00fchst\u00fcck. <\/p>\n\n\n\n<p><span class=\"has-inline-color has-vivid-cyan-blue-color\">Mittwoch, 10. Dezember, 06.45, Pfarrkirche Greppen<br>Mittwoch, 17. Dezember, 06.45, Pfarrkirche Weggis<\/span><\/p>\n\n\n\n<p><span class=\"has-inline-color has-vivid-red-color\">Anmeldung erforderlich.<\/span> Informationen sind in der <a href=\"https:\/\/lottenbach-mediationen.ch\/pfarreiblaetter\/\">Pfarreiblatt-Ausgabe 21\/2025<\/a> zu finden.<\/p>\n\n\n\n<h4 class=\"wp-block-heading\">Elektronische T\u00fcr\u00f6ffnungs- und T\u00fcrschliessungsanlagen<br>Allerheiligenkapelle Weggis \/ Pfarrkirche Weggis \/ Felsenkapelle Rigi Kaltbad<\/h4>\n\n\n\n<p>Die Kirchgemeinde Weggis hat im Herbst die Haupteing\u00e4nge der oben genannten Kirche und Kapellen mit einer elektronischen T\u00fcr\u00f6ffnungs- und T\u00fcrschliessungsanlage ausger\u00fcstet. In der Felsenkapelle ist dies in Absprache mit der Korporation Weggis geschehen. <\/p>\n\n\n\n<p>Ab sofort gelten folgende \u00d6ffnungszeiten:<\/p>\n\n\n\n<ul class=\"wp-block-list\"><li>Die Pfarrkirche Weggis ist ganzj\u00e4hrig ab 06.00 bis 19.00 offen. In den Sommermonaten Juni bis August ist sie bis 21.30 ge\u00f6ffnet.<\/li><li>Die Allerheiligenkapelle Weggis ist ebenfalls ganzj\u00e4hrig ab 06.00 bis 20.00 offen. In den Sommermonaten Juni bis August ist sie bis 22.00 ge\u00f6ffnet.<\/li><li>Die Felsenkapelle St. Michael auf Rigi Kaltbad ist ganzj\u00e4hrig ab 07.00 bis 19.00 offen. In der Sommerzeit (M\u00e4rz bis Oktober) bis 21.00.<\/li><\/ul>\n\n\n\n<h4 class=\"wp-block-heading\">Heiliges Jahr 2025 &#8211; Pilgerinnen und Pilger der Hoffnung<\/h4>\n\n\n\n<p>Das Heilige Jahr 2025 in Rom steht unter dem Leitwort \u201ePilger der Hoffnung\u201c und greift damit ein zentrales Thema von Papst Franziskus auf. Es ist ein sogenanntes ordentliches Heiliges Jahr, das alle 25 Jahre stattfindet. Die Stadt Rom rechnet mit rund 45 Millionen Pilgerinnen und Pilgern, Besucherinnen und Besuchern. Das Jubeljahr hat mit der \u00d6ffnung der Heiligen Pforte im Petersdom in der Heiligen Nacht am 24. Dezember 2024 begonnen.<\/p>\n\n\n\n<p><a href=\"https:\/\/www.youtube.com\/watch?v=z8ELdEHO24M&amp;t=51s\">Bischof Felix Gm\u00fcr erkl\u00e4rt das Heilige Jahr<\/a> (Kurzfilm)<\/p>\n\n\n\n<p><a href=\"https:\/\/lottenbach-mediationen.ch\/wp-content\/uploads\/2020\/06\/2025_Pilgerkirchenfuehrer_Bistum_Basel_29.12.2024.pdf\">Pilgerkirchenf\u00fchrer Bistum Basel zum Download<\/a><\/p>\n\n\n\n<h4 class=\"wp-block-heading\">Gutes tun und mehr dar\u00fcber reden<\/h4>\n\n\n\n<figure class=\"wp-block-image size-large\"><img loading=\"lazy\" decoding=\"async\" width=\"994\" height=\"250\" src=\"https:\/\/lottenbach-mediationen.ch\/wp-content\/uploads\/2021\/10\/LZ_994x250_adrian_nussbaum.gif\" alt=\"\" class=\"wp-image-6332\"\/><\/figure>\n\n\n\n<p>Die katholische Kirche im Kanton Luzern zeigt mit einer neuen Website auf, was sie f\u00fcr die Gesellschaft leistet. <\/p>\n\n\n\n<p>Die Idee kommt aus St. Gallen. Die Website <a href=\"http:\/\/kirchensteuern-sei-dank.ch\">kirchensteuern-sei-dank.ch<\/a> zeigt auf, welche Leistungen die Kirche erbringt. Auf einer interaktiven Karte k\u00f6nnen die Informationen nach Themen und Orten abgerufen werden. <\/p>\n\n\n\n<h2 class=\"wp-block-heading\">F\u00fcr Sie zusammengestellt<\/h2>\n\n\n\n<ul class=\"wp-block-list\"><li>Luzerner Seepfarreien &#8211; Hier k\u00f6nnen wir <a href=\"https:\/\/lottenbach-mediationen.ch\/wp-content\/uploads\/2024\/02\/2024-Inserat-Seepfarreien-Support-A3.pdf\">als Kirche helfen<\/a><\/li><li>Link zum <a href=\"https:\/\/ge-h-dankenweg.seepfarreien.ch\/\">Ge(h)dankenweg <\/a><\/li><li>Download der Dokumentation <a href=\"https:\/\/lottenbach-mediationen.ch\/wp-content\/uploads\/2025\/05\/Klang-Gang-Dokumentation-03.05.2025.pdf\">Klang Gang<\/a> \/ Film auf <a href=\"https:\/\/www.youtube.com\/watch?v=naXqSJpqe6A\">Youtube zum Klang Gang<\/a><\/li><li>Download zum aktuellen <a href=\"https:\/\/lottenbach-mediationen.ch\/wp-content\/uploads\/2025\/11\/21-2025-01.12.-15.12.2025-Pfarreiblatt-Luzerner-Seepfarreien.pdf\">Pfarreiblatt<\/a><\/li><li>Link zum Youtube-Kanal (<a rel=\"noreferrer noopener\" href=\"https:\/\/www.youtube.com\/channel\/UCX-WG0aQrnKfc4k5m8zTXtQ\" target=\"_blank\">www.youtube.com<\/a>)<\/li><li><span class=\"has-inline-color has-very-dark-gray-color\">Link zu Facebook (<a rel=\"noreferrer noopener\" href=\"https:\/\/www.facebook.com\/seepfarreien\" target=\"_blank\">www.facebook.com<\/a>)<\/span><\/li><li>Link zu Instagram (<a href=\"https:\/\/www.instagram.com\/Seepfarreien\/\">www.instagram.com<\/a>)<\/li><li>Katholisch werden (<a href=\"https:\/\/www.lukath.ch\/leistungen\/in-die-kirche-eintreten-oder-wieder-eintreten\">www.lukath.ch<\/a>)<\/li><li>Ihre Kirchensteuer bleibt in Ihrer Region (<a href=\"https:\/\/www.kirchensteuern-sei-dank.ch\/\">www.kirchensteuern-sei-dank.ch<\/a>)<\/li><li>Stimmen von der Strasse (<a href=\"https:\/\/www.kirche-kommt-an.ch\/blog\/kirche-kommt-an-der-film\/\" rel=\"noreferrer noopener\" target=\"_blank\">www.kirche-kommt-an.ch\/blog\/kirche-kommt-an-der-film\/<\/a>)<\/li><li>Kirche kommt an <a href=\"http:\/\/www.kirche-kommt-an.ch\">(www.kirche-kommt-an.ch)<\/a><\/li><li>Segen f\u00fcr Alle &#8211; Bei uns sind Alle willkommen (<a href=\"http:\/\/www.gleichwuerdig.ch\">www.gleichwuerdig.ch<\/a>)<\/li><\/ul>\n\n\n\n<div class=\"wp-block-group\"><div class=\"wp-block-group__inner-container is-layout-flow wp-block-group-is-layout-flow\">\n<h2 class=\"wp-block-heading\">Wichtiges<\/h2>\n<\/div><\/div>\n\n\n\n<p>Unter dieser Rubrik finden Sie wichtige Dokumente, welche oft abgerufen werden. Wir hoffen, Ihnen damit das Suchen etwas zu erleichtern:<\/p>\n\n\n\n<ul class=\"wp-block-list\"><li><span class=\"has-inline-color has-very-dark-gray-color\">Informationen im <a rel=\"noreferrer noopener\" href=\"https:\/\/lottenbach-mediationen.ch\/wp-content\/uploads\/2020\/06\/Todesfall-Was-ist-zu-tun.pdf\" target=\"_blank\">Todesfall<\/a><\/span><\/li><li><span class=\"has-inline-color has-very-dark-gray-color\">Informationen zur <a href=\"https:\/\/lottenbach-mediationen.ch\/wp-content\/uploads\/2020\/06\/Ehe-FAQ-Die-wichtigen-Fragen-und-Antworten-zur-kirchlichen-Trauung-1.pdf\">Heirat<\/a><\/span><\/li><li><span class=\"has-inline-color has-very-dark-gray-color\">Informationen zur <a href=\"https:\/\/lottenbach-mediationen.ch\/wp-content\/uploads\/2020\/11\/Elternmerkblatt-Taufe-was-ist-zu-beachten.pdf\">Taufe<\/a><\/span><\/li><\/ul>\n","protected":false},"excerpt":{"rendered":"<p>Es freut uns, dass Sie unseren Webauftritt besuchen. Er soll Ihnen als Plattform unserer T\u00e4tigkeitsbereiche dienen. Ebenfalls bieten wir Ihnen zu allen Lebenslagen Informationen und Hilfestellungen an. Gerne stehen wir Ihnen nat\u00fcrlich auch pers\u00f6nlich zur Verf\u00fcgung. Am Ende jeder Seite finden Sie unsere Kontaktangaben und Informationen zu den \u00d6ffnungszeiten unserer Sekretariate. Kircheneintritt \/ Wiedereintritt Hat [&hellip;]<\/p>\n","protected":false},"author":1,"featured_media":2795,"parent":0,"menu_order":1,"comment_status":"closed","ping_status":"closed","template":"","meta":{"footnotes":""},"class_list":["post-10788","page","type-page","status-publish","has-post-thumbnail","hentry"],"_links":{"self":[{"href":"https:\/\/lottenbach-mediationen.ch\/index.php\/wp-json\/wp\/v2\/pages\/10788","targetHints":{"allow":["GET"]}}],"collection":[{"href":"https:\/\/lottenbach-mediationen.ch\/index.php\/wp-json\/wp\/v2\/pages"}],"about":[{"href":"https:\/\/lottenbach-mediationen.ch\/index.php\/wp-json\/wp\/v2\/types\/page"}],"author":[{"embeddable":true,"href":"https:\/\/lottenbach-mediationen.ch\/index.php\/wp-json\/wp\/v2\/users\/1"}],"replies":[{"embeddable":true,"href":"https:\/\/lottenbach-mediationen.ch\/index.php\/wp-json\/wp\/v2\/comments?post=10788"}],"version-history":[{"count":0,"href":"https:\/\/lottenbach-mediationen.ch\/index.php\/wp-json\/wp\/v2\/pages\/10788\/revisions"}],"wp:featuredmedia":[{"embeddable":true,"href":"https:\/\/lottenbach-mediationen.ch\/index.php\/wp-json\/wp\/v2\/media\/2795"}],"wp:attachment":[{"href":"https:\/\/lottenbach-mediationen.ch\/index.php\/wp-json\/wp\/v2\/media?parent=10788"}],"curies":[{"name":"wp","href":"https:\/\/api.w.org\/{rel}","templated":true}]}}