{"id":1044,"date":"2020-05-25T11:17:18","date_gmt":"2020-05-25T11:17:18","guid":{"rendered":"https:\/\/www.seepfarreien.ch.proculus.sui-inter.net\/?page_id=1044"},"modified":"2020-05-25T11:17:18","modified_gmt":"2020-05-25T11:17:18","slug":"hofmattkapelle","status":"publish","type":"page","link":"https:\/\/lottenbach-mediationen.ch\/index.php\/raume-greppen-weggis-vitznau\/hofmattkapelle\/","title":{"rendered":"Kapelle AltersZentrum Hofmatt"},"content":{"rendered":"\n<p>Im AltersZentrum <a href=\"http:\/\/hofmatt.org\">Hofmatt<\/a> gibt es eine Hauskapelle mit einer kleinen Orgel.<\/p>\n\n\n\n<figure class=\"wp-block-image size-large\"><img loading=\"lazy\" decoding=\"async\" width=\"400\" height=\"280\" src=\"https:\/\/lottenbach-mediationen.ch\/wp-content\/uploads\/2020\/05\/Hofmattkapelle.jpg\" alt=\"\" class=\"wp-image-2557\" srcset=\"https:\/\/lottenbach-mediationen.ch\/wp-content\/uploads\/2020\/05\/Hofmattkapelle.jpg 400w, https:\/\/lottenbach-mediationen.ch\/wp-content\/uploads\/2020\/05\/Hofmattkapelle-300x210.jpg 300w\" sizes=\"auto, (max-width: 400px) 100vw, 400px\" \/><figcaption>Hofmattkapelle<\/figcaption><\/figure>\n\n\n\n<p>Regelm\u00e4ssig finden dort Gottesdienste statt, die auch \u00f6ffentlich sind.<\/p>\n\n\n\n<p>Die Kapelle bietet Platz f\u00fcr rd. 40 Personen.<\/p>\n\n\n\n\n","protected":false},"excerpt":{"rendered":"<p>Im AltersZentrum Hofmatt gibt es eine Hauskapelle mit einer kleinen Orgel. Regelm\u00e4ssig finden dort Gottesdienste statt, die auch \u00f6ffentlich sind. Die Kapelle bietet Platz f\u00fcr rd. 40 Personen.<\/p>\n","protected":false},"author":1,"featured_media":2558,"parent":59,"menu_order":8,"comment_status":"closed","ping_status":"closed","template":"","meta":{"footnotes":""},"class_list":["post-1044","page","type-page","status-publish","has-post-thumbnail","hentry"],"_links":{"self":[{"href":"https:\/\/lottenbach-mediationen.ch\/index.php\/wp-json\/wp\/v2\/pages\/1044","targetHints":{"allow":["GET"]}}],"collection":[{"href":"https:\/\/lottenbach-mediationen.ch\/index.php\/wp-json\/wp\/v2\/pages"}],"about":[{"href":"https:\/\/lottenbach-mediationen.ch\/index.php\/wp-json\/wp\/v2\/types\/page"}],"author":[{"embeddable":true,"href":"https:\/\/lottenbach-mediationen.ch\/index.php\/wp-json\/wp\/v2\/users\/1"}],"replies":[{"embeddable":true,"href":"https:\/\/lottenbach-mediationen.ch\/index.php\/wp-json\/wp\/v2\/comments?post=1044"}],"version-history":[{"count":0,"href":"https:\/\/lottenbach-mediationen.ch\/index.php\/wp-json\/wp\/v2\/pages\/1044\/revisions"}],"up":[{"embeddable":true,"href":"https:\/\/lottenbach-mediationen.ch\/index.php\/wp-json\/wp\/v2\/pages\/59"}],"wp:featuredmedia":[{"embeddable":true,"href":"https:\/\/lottenbach-mediationen.ch\/index.php\/wp-json\/wp\/v2\/media\/2558"}],"wp:attachment":[{"href":"https:\/\/lottenbach-mediationen.ch\/index.php\/wp-json\/wp\/v2\/media?parent=1044"}],"curies":[{"name":"wp","href":"https:\/\/api.w.org\/{rel}","templated":true}]}}