{"id":1042,"date":"2020-05-25T11:16:35","date_gmt":"2020-05-25T11:16:35","guid":{"rendered":"https:\/\/www.seepfarreien.ch.proculus.sui-inter.net\/?page_id=1042"},"modified":"2020-05-25T11:16:35","modified_gmt":"2020-05-25T11:16:35","slug":"verenakapelle","status":"publish","type":"page","link":"https:\/\/lottenbach-mediationen.ch\/index.php\/raume-greppen-weggis-vitznau\/verenakapelle\/","title":{"rendered":"Verenakapelle Weggis"},"content":{"rendered":"\n<p>Die kleine Kapelle direkt an der Strasse mit einem Schindelturm und einem Vordach gegen die Strasse wurde 1909 im Auftrag von Ludwig und Justus Stalder, zwei Weggiser B\u00fcrgern, erbaut. Die Raumschale und die Ausstattung sind seither unver\u00e4ndert geblieben. Zur Originalausstattung geh\u00f6ren auch die beiden Gem\u00e4lde im Chorbereich, die Fenster, der Plattenboden und die B\u00e4nke. Die Verena-Kapelle wurde zum Gedenken an den Felssturz von 1795 in Weggis errichtet. F\u00fcnf Fenster erhellen den einfach gehaltenen Innenraum. Die Altarfigur zeigt Maria, die ihren toten Sohn Jesus Christus in den H\u00e4nden h\u00e4lt. Auf jeder Seite sind Engel mit Blumenornamenten gezeichnet. Die W\u00e4nde sind in Rot mit goldenen Verzierungen gehalten. Auf jeder Seite befinden sich sechs einfache Holzb\u00e4nke. \u00dcber dem Eingang h\u00e4ngt ein Bild der heiligen Verena, welche der Kapelle ihren Namen gab. In einem Sternenhimmel eingebettet befindet sich das grosse Deckengem\u00e4lde, das den Erdschlipf aus dem Jahr 1795 in Weggis festh\u00e4lt. Die Verenakapelle ist in ihrem Innern ein 100j\u00e4hriges unangetastetes Ensemble mit einer starken Ausstrahlung. Solche unber\u00fchrten Gesamtkunstwerke sind selten und daher sollte dieses Kleinod f\u00fcr weitere Jahrzehnte erhalten bleiben. Die Kapelle ist tags\u00fcber ge\u00f6ffnet und bietet Platz f\u00fcr 40 Personen.<\/p>\n\n\n\n<figure class=\"wp-block-image size-large\"><img loading=\"lazy\" decoding=\"async\" width=\"400\" height=\"280\" src=\"https:\/\/lottenbach-mediationen.ch\/wp-content\/uploads\/2020\/06\/Verenakapelle-Inhalt.jpg\" alt=\"Verenakapelle\" class=\"wp-image-2212\" srcset=\"https:\/\/lottenbach-mediationen.ch\/wp-content\/uploads\/2020\/06\/Verenakapelle-Inhalt.jpg 400w, https:\/\/lottenbach-mediationen.ch\/wp-content\/uploads\/2020\/06\/Verenakapelle-Inhalt-300x210.jpg 300w\" sizes=\"auto, (max-width: 400px) 100vw, 400px\" \/><\/figure>\n\n\n\n<p><span class=\"has-inline-color has-very-dark-gray-color\">Interessierte finden in der Brosch\u00fcre &#8222;Verenakapelle Weggis&#8220; unter <a href=\"https:\/\/lottenbach-mediationen.ch\/merkblaetter\/\">Merkbl\u00e4tter<\/a> weitere Details sowie eine k\u00f6stliche Geschichte zu den Stiftern Ludwig und Justus Stalder.<\/span><\/p>\n\n\n\n\n","protected":false},"excerpt":{"rendered":"<p>Die kleine Kapelle direkt an der Strasse mit einem Schindelturm und einem Vordach gegen die Strasse wurde 1909 im Auftrag von Ludwig und Justus Stalder, zwei Weggiser B\u00fcrgern, erbaut. Die Raumschale und die Ausstattung sind seither unver\u00e4ndert geblieben. Zur Originalausstattung geh\u00f6ren auch die beiden Gem\u00e4lde im Chorbereich, die Fenster, der Plattenboden und die B\u00e4nke. Die [&hellip;]<\/p>\n","protected":false},"author":1,"featured_media":1804,"parent":59,"menu_order":7,"comment_status":"closed","ping_status":"closed","template":"","meta":{"footnotes":""},"class_list":["post-1042","page","type-page","status-publish","has-post-thumbnail","hentry"],"_links":{"self":[{"href":"https:\/\/lottenbach-mediationen.ch\/index.php\/wp-json\/wp\/v2\/pages\/1042","targetHints":{"allow":["GET"]}}],"collection":[{"href":"https:\/\/lottenbach-mediationen.ch\/index.php\/wp-json\/wp\/v2\/pages"}],"about":[{"href":"https:\/\/lottenbach-mediationen.ch\/index.php\/wp-json\/wp\/v2\/types\/page"}],"author":[{"embeddable":true,"href":"https:\/\/lottenbach-mediationen.ch\/index.php\/wp-json\/wp\/v2\/users\/1"}],"replies":[{"embeddable":true,"href":"https:\/\/lottenbach-mediationen.ch\/index.php\/wp-json\/wp\/v2\/comments?post=1042"}],"version-history":[{"count":0,"href":"https:\/\/lottenbach-mediationen.ch\/index.php\/wp-json\/wp\/v2\/pages\/1042\/revisions"}],"up":[{"embeddable":true,"href":"https:\/\/lottenbach-mediationen.ch\/index.php\/wp-json\/wp\/v2\/pages\/59"}],"wp:featuredmedia":[{"embeddable":true,"href":"https:\/\/lottenbach-mediationen.ch\/index.php\/wp-json\/wp\/v2\/media\/1804"}],"wp:attachment":[{"href":"https:\/\/lottenbach-mediationen.ch\/index.php\/wp-json\/wp\/v2\/media?parent=1042"}],"curies":[{"name":"wp","href":"https:\/\/api.w.org\/{rel}","templated":true}]}}