{"id":1040,"date":"2020-05-25T11:14:54","date_gmt":"2020-05-25T11:14:54","guid":{"rendered":"https:\/\/www.seepfarreien.ch.proculus.sui-inter.net\/?page_id=1040"},"modified":"2020-05-25T11:14:54","modified_gmt":"2020-05-25T11:14:54","slug":"allerheiligenkapelle","status":"publish","type":"page","link":"https:\/\/lottenbach-mediationen.ch\/index.php\/raume-greppen-weggis-vitznau\/allerheiligenkapelle\/","title":{"rendered":"Allerheiligenkapelle Weggis"},"content":{"rendered":"\n<p>Laut einer Bauinschrift ist die Kapelle 1623 von den Bewohnern des &#8222;Niederdorfes&#8220; wohl mit der finanziellen Hilfe und Unterst\u00fctzung von Ritter Ludwig Amrhyn (1593 -1665) erbaut worden. Am 20. Mai 1635 wurde sie durch den Weihbischof Johann Anton Tritt von Konstanz zu Ehren der Allerheiligen feierlich eingeweiht. 1638 erm\u00f6glichte eine Landschenkung den Anbau der Sakristei in der Verl\u00e4ngerung der Kapelle. Mit der erneuten Unterst\u00fctzung von Ludwig Amrhyn ging man in der Zeit von 1642 -1648 daran, die Kapelle im Inneren vollst\u00e4ndig auszumalen. Im Jahre 1850 erfolgte die Abtretung der bis dahin im Besitze der Korporationsb\u00fcrger stehenden Kapelle an die Pfarrgemeinde von Weggis. Kleinere Reparaturen und Renovationen fanden 1884, 1898 und 1923 statt. Eine auf den originalen Baubestand R\u00fccksicht nehmende umfassende Innen-und Aussenrestaurierung erfolgte in den Jahren 1977 -1979. Im Winter 2005\/06 erfolgte eine Reinigung und Restaurierung des Innenraumes.<\/p>\n\n\n\n<figure class=\"wp-block-image size-large\"><img loading=\"lazy\" decoding=\"async\" width=\"400\" height=\"280\" src=\"https:\/\/lottenbach-mediationen.ch\/wp-content\/uploads\/2020\/06\/Allerheiligenkapelle-im-Unterdorf-von-Weggis.jpg\" alt=\"\" class=\"wp-image-2411\" srcset=\"https:\/\/lottenbach-mediationen.ch\/wp-content\/uploads\/2020\/06\/Allerheiligenkapelle-im-Unterdorf-von-Weggis.jpg 400w, https:\/\/lottenbach-mediationen.ch\/wp-content\/uploads\/2020\/06\/Allerheiligenkapelle-im-Unterdorf-von-Weggis-300x210.jpg 300w\" sizes=\"auto, (max-width: 400px) 100vw, 400px\" \/><figcaption>Allerheiligenkapelle im Unterdorf von Weggis<\/figcaption><\/figure>\n\n\n\n<p>Die Allerheiligen-Kapelle steht im Weggiser Unterdorf hart an der Dorfstrasse, die sich in zwei engen Kurven an der Kapelle vorbei und um die dicht beieinanderstehenden Wohnungen und Hotelbauten windet. Nach aussen pr\u00e4sentiert sich die Kapelle als schlichter Bauk\u00f6rper unter steilem Satteldach. Der langgestreckte Chor ist auch nach aussen leicht abgesetzt und besitzt wie die Langhausseiten spitzbogige Fenster\u00f6ffnungen. Der sp\u00e4ter hinzugef\u00fcgte Sakristeianbau an der L\u00e4ngsachse der Kapelle schliesst dreiseitig. Auf dem \u00fcber Langhaus und Chor gerade durchgezogenen Satteldach sitzt ein zierlicher Dachreiter mit schlankem Spitzhelm. Das Pultd\u00e4chlein \u00fcber dem Eingang und die Uhr mit Zifferblatt an der Eingangsseite sind Erg\u00e4nzungen von 1978\/80. Die Kapelle ist tags\u00fcber ge\u00f6ffnet und bietet Platz f\u00fcr 50 Personen.<\/p>\n\n\n\n<figure class=\"wp-block-image size-large\"><img loading=\"lazy\" decoding=\"async\" width=\"400\" height=\"280\" src=\"https:\/\/lottenbach-mediationen.ch\/wp-content\/uploads\/2020\/06\/Allerheiligenkapelle-zum-Portal.jpg\" alt=\"\" class=\"wp-image-2188\" srcset=\"https:\/\/lottenbach-mediationen.ch\/wp-content\/uploads\/2020\/06\/Allerheiligenkapelle-zum-Portal.jpg 400w, https:\/\/lottenbach-mediationen.ch\/wp-content\/uploads\/2020\/06\/Allerheiligenkapelle-zum-Portal-300x210.jpg 300w\" sizes=\"auto, (max-width: 400px) 100vw, 400px\" \/><figcaption>Innenansicht zum Eingangsportal<\/figcaption><\/figure>\n\n\n\n<p><span class=\"has-inline-color has-very-dark-gray-color\">Weitere Informationen finden Sie in der Brosch\u00fcre <a rel=\"noreferrer noopener\" href=\"https:\/\/lottenbach-mediationen.ch\/wp-content\/uploads\/2020\/05\/Brosch%C3%BCre_Allerheiligenkapelle-Weggis.pdf\" target=\"_blank\">&#8222;Allerheiligenkapelle&#8220;<\/a> <\/span>Weggis.<\/p>\n\n\n\n<p>In der Allerheiligenkapelle befindet sich eine Stilkopie einer italienischen Barockorgel, die 1994 von Orgelbau Graf AG aus Sursee errichtet wurde. Das einmanualige Instrument hat vier Register. Am 8. September 2022 spielte Matthias Gr\u00fcnert, Kantor der Frauenkirche in Dresden, auf seiner Orgelfahrt entlang des Vierwaldst\u00e4ttersees den 1. Satz der Pertite sopra la Monica von Girolamo Frescobaldi.<\/p>\n\n\n\n<p><a href=\"https:\/\/www.youtube.com\/watch?v=cAZ3HNc8wlU\">Pertite sopra la Monica | Girolamo Frescobaldi | Allerheiligenkapelle | Weggis | Matthias Gr\u00fcnert &#8211; YouTube<\/a><\/p>\n\n\n\n\n","protected":false},"excerpt":{"rendered":"<p>Laut einer Bauinschrift ist die Kapelle 1623 von den Bewohnern des &#8222;Niederdorfes&#8220; wohl mit der finanziellen Hilfe und Unterst\u00fctzung von Ritter Ludwig Amrhyn (1593 -1665) erbaut worden. Am 20. Mai 1635 wurde sie durch den Weihbischof Johann Anton Tritt von Konstanz zu Ehren der Allerheiligen feierlich eingeweiht. 1638 erm\u00f6glichte eine Landschenkung den Anbau der Sakristei [&hellip;]<\/p>\n","protected":false},"author":1,"featured_media":2183,"parent":59,"menu_order":6,"comment_status":"closed","ping_status":"closed","template":"","meta":{"footnotes":""},"class_list":["post-1040","page","type-page","status-publish","has-post-thumbnail","hentry"],"_links":{"self":[{"href":"https:\/\/lottenbach-mediationen.ch\/index.php\/wp-json\/wp\/v2\/pages\/1040","targetHints":{"allow":["GET"]}}],"collection":[{"href":"https:\/\/lottenbach-mediationen.ch\/index.php\/wp-json\/wp\/v2\/pages"}],"about":[{"href":"https:\/\/lottenbach-mediationen.ch\/index.php\/wp-json\/wp\/v2\/types\/page"}],"author":[{"embeddable":true,"href":"https:\/\/lottenbach-mediationen.ch\/index.php\/wp-json\/wp\/v2\/users\/1"}],"replies":[{"embeddable":true,"href":"https:\/\/lottenbach-mediationen.ch\/index.php\/wp-json\/wp\/v2\/comments?post=1040"}],"version-history":[{"count":0,"href":"https:\/\/lottenbach-mediationen.ch\/index.php\/wp-json\/wp\/v2\/pages\/1040\/revisions"}],"up":[{"embeddable":true,"href":"https:\/\/lottenbach-mediationen.ch\/index.php\/wp-json\/wp\/v2\/pages\/59"}],"wp:featuredmedia":[{"embeddable":true,"href":"https:\/\/lottenbach-mediationen.ch\/index.php\/wp-json\/wp\/v2\/media\/2183"}],"wp:attachment":[{"href":"https:\/\/lottenbach-mediationen.ch\/index.php\/wp-json\/wp\/v2\/media?parent=1040"}],"curies":[{"name":"wp","href":"https:\/\/api.w.org\/{rel}","templated":true}]}}