{"id":1031,"date":"2020-05-25T11:04:28","date_gmt":"2020-05-25T11:04:28","guid":{"rendered":"https:\/\/www.seepfarreien.ch.proculus.sui-inter.net\/?page_id=1031"},"modified":"2020-05-25T11:04:28","modified_gmt":"2020-05-25T11:04:28","slug":"pfarrkirche-weggis","status":"publish","type":"page","link":"https:\/\/lottenbach-mediationen.ch\/index.php\/raume-greppen-weggis-vitznau\/pfarrkirche-weggis\/","title":{"rendered":"Pfarrkirche St. Maria Weggis"},"content":{"rendered":"\n<p>Das \u00e4lteste Bauwerk von Weggis, das Jahrhunderte \u00fcberdauerte, ist der Turm der Pfarrkirche. Der Grundriss ist rechteckig; die Mauerdicken betragen \u00fcber zwei Meter, der Innenraum 3 x 2,70 m. Es d\u00fcrfte sich um einen Wacht- oder Wehrturm am Seegestade, wo der Umschlag der G\u00fcter zum anderen Ufer stattfand, gehandelt haben. M\u00f6glich ist auch, dass die Dienstmannen des Klosters Pf\u00e4fers, dem Weggis einst zugeh\u00f6rte, in diesem Turm wohnten. <\/p>\n\n\n\n<p>Trotz verschiedenen Neu- und Umbauten der angelehnten Kirche ist der Turm unversehrt erhalten geblieben, gl\u00fccklicherweise auch beim Umbau von 1965\/66.<\/p>\n\n\n\n<figure class=\"wp-block-image size-large is-resized\"><img loading=\"lazy\" decoding=\"async\" src=\"https:\/\/lottenbach-mediationen.ch\/wp-content\/uploads\/2020\/05\/Raume_Kirche_Weggis_Seepfarreien.jpg\" alt=\"Pfarrkirche St. Maria in Weggis\" class=\"wp-image-823\" width=\"400\" height=\"280\" srcset=\"https:\/\/lottenbach-mediationen.ch\/wp-content\/uploads\/2020\/05\/Raume_Kirche_Weggis_Seepfarreien.jpg 400w, https:\/\/lottenbach-mediationen.ch\/wp-content\/uploads\/2020\/05\/Raume_Kirche_Weggis_Seepfarreien-300x210.jpg 300w\" sizes=\"auto, (max-width: 400px) 100vw, 400px\" \/><figcaption>Pfarrkirche St. Maria<\/figcaption><\/figure>\n\n\n\n<p>Die Kirche, vielleicht zuerst eine kleine Kapelle, ist mehrmals erneuert worden. Einige Male hatten die &#8222;Kilchgenossen&#8220; von Weggis zu einem Neubau, zu einer Verbesserung oder zu einem Umbau Stellung zu beziehen, seitdem sie 1431 den Kirchenzehnten und Kirchensatz &#8222;unserer lieben Frau&#8220; erwerben konnten.<\/p>\n\n\n\n<p>Die Kirche ist tags\u00fcber ge\u00f6ffnet und bietet Platz f\u00fcr 360 Personen. Wissenswertes zur Kirche sind der Brosch\u00fcre &#8222;100 Jahre Pfarrkirche St. Maria Weggis &#8211; 1. Juli 1888 bis 3. Juli 1988&#8220; zu entnehmen. Diese liegt im Schriftenstand auf oder ist im Pfarreisekretariat erh\u00e4ltlich. Unter <a href=\"https:\/\/lottenbach-mediationen.ch\/merkblaetter\/\">&#8222;Merkbl\u00e4tter&#8220;<\/a> finden Sie zudem eine Zusammenfassung mit Angaben \u00fcber die geschichtlichen Begebenheiten w\u00e4hrend der letzten Jahrhunderte.<\/p>\n\n\n\n<p>In der Kirche befindet sich eine dreimanualige Orgel der Orgelbaufirma Graf AG aus Sursee, die 1970 erbaut wurde. Matthias Gr\u00fcnert, Kantor der Frauenkirche in Dresden, spielte auf seiner Orgelfahrt entlang des Vierwaldst\u00e4ttersees am 8. September 2022 das Rondo per Organo in F-Dur von Giuseppe Gherardeschi (1759 &#8211; 1815).<\/p>\n\n\n\n<p><a href=\"https:\/\/www.youtube.com\/watch?v=PO_rHOC-tUk\">Rondo per Organo F Dur | Giuseppe Gherardeschi | Pfarrkirche St. Mari\u00e4 | Weglos | Matthias Gr\u00fcnert &#8211; YouTube<\/a><\/p>\n\n\n\n\n","protected":false},"excerpt":{"rendered":"<p>Das \u00e4lteste Bauwerk von Weggis, das Jahrhunderte \u00fcberdauerte, ist der Turm der Pfarrkirche. Der Grundriss ist rechteckig; die Mauerdicken betragen \u00fcber zwei Meter, der Innenraum 3 x 2,70 m. Es d\u00fcrfte sich um einen Wacht- oder Wehrturm am Seegestade, wo der Umschlag der G\u00fcter zum anderen Ufer stattfand, gehandelt haben. M\u00f6glich ist auch, dass die [&hellip;]<\/p>\n","protected":false},"author":1,"featured_media":7445,"parent":59,"menu_order":4,"comment_status":"closed","ping_status":"closed","template":"","meta":{"footnotes":""},"class_list":["post-1031","page","type-page","status-publish","has-post-thumbnail","hentry"],"_links":{"self":[{"href":"https:\/\/lottenbach-mediationen.ch\/index.php\/wp-json\/wp\/v2\/pages\/1031","targetHints":{"allow":["GET"]}}],"collection":[{"href":"https:\/\/lottenbach-mediationen.ch\/index.php\/wp-json\/wp\/v2\/pages"}],"about":[{"href":"https:\/\/lottenbach-mediationen.ch\/index.php\/wp-json\/wp\/v2\/types\/page"}],"author":[{"embeddable":true,"href":"https:\/\/lottenbach-mediationen.ch\/index.php\/wp-json\/wp\/v2\/users\/1"}],"replies":[{"embeddable":true,"href":"https:\/\/lottenbach-mediationen.ch\/index.php\/wp-json\/wp\/v2\/comments?post=1031"}],"version-history":[{"count":0,"href":"https:\/\/lottenbach-mediationen.ch\/index.php\/wp-json\/wp\/v2\/pages\/1031\/revisions"}],"up":[{"embeddable":true,"href":"https:\/\/lottenbach-mediationen.ch\/index.php\/wp-json\/wp\/v2\/pages\/59"}],"wp:featuredmedia":[{"embeddable":true,"href":"https:\/\/lottenbach-mediationen.ch\/index.php\/wp-json\/wp\/v2\/media\/7445"}],"wp:attachment":[{"href":"https:\/\/lottenbach-mediationen.ch\/index.php\/wp-json\/wp\/v2\/media?parent=1031"}],"curies":[{"name":"wp","href":"https:\/\/api.w.org\/{rel}","templated":true}]}}